{"id":87136,"date":"2025-09-09T18:45:29","date_gmt":"2025-09-09T16:45:29","guid":{"rendered":"https:\/\/sd-02.it\/?page_id=87136"},"modified":"2026-01-29T18:24:06","modified_gmt":"2026-01-29T17:24:06","slug":"contatto","status":"publish","type":"page","link":"https:\/\/vivatherm.it\/it\/kontakt\/","title":{"rendered":"Contatti"},"content":{"rendered":"<p>[et_pb_section fb_built=&#8220;1&#8243; _builder_version=&#8220;4.24.2&#8243; _module_preset=&#8220;default&#8220; custom_margin=&#8220;0px||0px||false|false&#8220; custom_padding=&#8220;0px||0px||false|false&#8220; locked=&#8220;off&#8220; global_colors_info=&#8220;{}&#8220;][et_pb_row column_structure=&#8220;1_2,1_2&#8243; use_custom_gutter=&#8220;on&#8220; gutter_width=&#8220;1&#8243; make_equal=&#8220;on&#8220; _builder_version=&#8220;4.27.4&#8243; _module_preset=&#8220;default&#8220; width=&#8220;100%&#8220; max_width=&#8220;100%&#8220; custom_margin=&#8220;0px||0px||false|false&#8220; custom_padding=&#8220;0px||0px||false|false&#8220; global_colors_info=&#8220;{}&#8220;][et_pb_column type=&#8220;1_2&#8243; _builder_version=&#8220;4.27.4&#8243; _module_preset=&#8220;default&#8220; background_image=&#8220;https:\/\/vivatherm.it\/wp-content\/uploads\/2025\/10\/hls_suedtirol.jpg&#8220; background_last_edited=&#8220;on|tablet&#8220; background_enable_image_tablet=&#8220;off&#8220; global_colors_info=&#8220;{}&#8220;][et_pb_image title_text=&#8220;bad&#8220; force_fullwidth=&#8220;on&#8220; disabled_on=&#8220;off|off|on&#8220; _builder_version=&#8220;4.27.4&#8243; _module_preset=&#8220;default&#8220; custom_margin=&#8220;0px||0px||false|false&#8220; custom_padding=&#8220;0px||0px||false|false&#8220; global_colors_info=&#8220;{}&#8220;][\/et_pb_image][\/et_pb_column][et_pb_column type=&#8220;1_2&#8243; _builder_version=&#8220;4.27.4&#8243; _module_preset=&#8220;default&#8220; background_color=&#8220;#5797b8&#8243; background_enable_image=&#8220;off&#8220; custom_padding=&#8220;155px|120px|155px|120px|false|false&#8220; custom_padding_tablet=&#8220;120px|40px|120px|40px|false|false&#8220; custom_padding_phone=&#8220;90px|20px|90px|20px|false|false&#8220; custom_padding_last_edited=&#8220;on|tablet&#8220; global_colors_info=&#8220;{}&#8220;][et_pb_text _builder_version=&#8220;4.27.4&#8243; _module_preset=&#8220;default&#8220; header_2_font=&#8220;&#8211;et_global_heading_font|300||on|||||&#8220; header_2_text_align=&#8220;left&#8220; header_2_text_color=&#8220;#FFFFFF&#8220; header_2_font_size=&#8220;44px&#8220; header_2_letter_spacing=&#8220;-1px&#8220; header_2_line_height=&#8220;1.2em&#8220; max_width=&#8220;530px&#8220; module_alignment=&#8220;center&#8220; custom_margin=&#8220;0px||14px||false|false&#8220; custom_padding=&#8220;0px||0px||false|false&#8220; header_2_font_size_tablet=&#8220;27px&#8220; header_2_font_size_phone=&#8220;22px&#8220; header_2_font_size_last_edited=&#8220;on|phone&#8220; global_colors_info=&#8220;{}&#8220;]<\/p>\n<h2 data-start=\"137\" data-end=\"187\">Kontakt aufnehmen<\/h2>\n<p>[\/et_pb_text][et_pb_text _builder_version=&#8220;4.27.4&#8243; _module_preset=&#8220;default&#8220; text_font=&#8220;Roboto Flex||||||||&#8220; text_text_color=&#8220;#FFFFFF&#8220; text_font_size=&#8220;20px&#8220; header_4_text_color=&#8220;#FFFFFF&#8220; header_6_text_color=&#8220;#FFFFFF&#8220; max_width=&#8220;530px&#8220; module_alignment=&#8220;center&#8220; custom_margin=&#8220;0px||30px||false|false&#8220; custom_padding=&#8220;0px||0px||false|false&#8220; global_colors_info=&#8220;{}&#8220;]<\/p>\n<h6 data-start=\"144\" data-end=\"191\"><strong data-start=\"149\" data-end=\"189\">Wir sind gerne pers\u00f6nlich f\u00fcr Sie da<\/strong><\/h6>\n<p data-start=\"193\" data-end=\"438\">Ob Beratung, Angebot oder allgemeine Anfrage \u2013 bei uns erreichen Sie immer einen direkten Ansprechpartner. Schreiben Sie uns \u00fcber das Kontaktformular, rufen Sie an oder senden Sie uns eine E-Mail. Wir melden uns zuverl\u00e4ssig und zeitnah zur\u00fcck.<\/p>\n<p data-start=\"440\" data-end=\"482\"><strong data-start=\"440\" data-end=\"480\">Dar\u00fcber k\u00f6nnen Sie mit uns sprechen:<\/strong><\/p>\n<ul data-start=\"483\" data-end=\"743\">\n<li data-start=\"483\" data-end=\"539\">\n<p data-start=\"485\" data-end=\"539\">Fragen zu Heizungs-, L\u00fcftungs- oder Sanit\u00e4rprojekten<\/p>\n<\/li>\n<li data-start=\"540\" data-end=\"591\">\n<p data-start=\"542\" data-end=\"591\">Beratung zu Modernisierung und Energieeffizienz<\/p>\n<\/li>\n<li data-start=\"592\" data-end=\"643\">\n<p data-start=\"594\" data-end=\"643\">Terminvereinbarungen und Vor-Ort-Besichtigungen<\/p>\n<\/li>\n<li data-start=\"644\" data-end=\"678\">\n<p data-start=\"646\" data-end=\"678\">Angebote und Kostensch\u00e4tzungen<\/p>\n<\/li>\n<li data-start=\"679\" data-end=\"743\">\n<p data-start=\"681\" data-end=\"743\">Allgemeine Ausk\u00fcnfte zum Betrieb oder zu laufenden Projekten<\/p>\n<\/li>\n<li data-start=\"679\" data-end=\"743\">\n<p data-start=\"681\" data-end=\"743\">Pers\u00f6nliche Betreuung durch erfahrene Techniker<\/p>\n<\/li>\n<\/ul>\n<p>&nbsp;<\/p>\n<p>[\/et_pb_text][\/et_pb_column][\/et_pb_row][\/et_pb_section][et_pb_section fb_built=&#8220;1&#8243; _builder_version=&#8220;4.27.4&#8243; _module_preset=&#8220;default&#8220; custom_padding=&#8220;||0px|||&#8220; global_colors_info=&#8220;{}&#8220;][et_pb_row _builder_version=&#8220;4.27.4&#8243; _module_preset=&#8220;default&#8220; custom_margin=&#8220;||||false|false&#8220; custom_padding=&#8220;0px||0px||false|false&#8220; global_colors_info=&#8220;{}&#8220;][et_pb_column type=&#8220;4_4&#8243; _builder_version=&#8220;4.27.4&#8243; _module_preset=&#8220;default&#8220; global_colors_info=&#8220;{}&#8220;][et_pb_text content_tablet=&#8220;<\/p>\n<h1>Kontaktformular<\/h1>\n<p>&#8220; content_phone=&#8220;<\/p>\n<h1>Kontakt-formular<\/h1>\n<p>&#8220; content_last_edited=&#8220;on|phone&#8220; _builder_version=&#8220;4.27.4&#8243; _module_preset=&#8220;default&#8220; header_font=&#8220;|300|||||||&#8220; header_font_size_tablet=&#8220;&#8220; header_font_size_phone=&#8220;44px&#8220; header_font_size_last_edited=&#8220;on|desktop&#8220; global_colors_info=&#8220;{}&#8220;]<\/p>\n<h1>Kontaktformular<\/h1>\n<p>[\/et_pb_text][\/et_pb_column][\/et_pb_row][\/et_pb_section][et_pb_section fb_built=&#8220;1&#8243; _builder_version=&#8220;4.27.4&#8243; _module_preset=&#8220;default&#8220; custom_margin=&#8220;0px||||false|false&#8220; custom_padding=&#8220;0px||||false|false&#8220; global_colors_info=&#8220;{}&#8220;][et_pb_row _builder_version=&#8220;4.27.4&#8243; _module_preset=&#8220;default&#8220; global_colors_info=&#8220;{}&#8220;][et_pb_column type=&#8220;4_4&#8243; _builder_version=&#8220;4.27.4&#8243; _module_preset=&#8220;default&#8220; global_colors_info=&#8220;{}&#8220;][difl_wpforms wpforms=&#8220;987493947&#8243; _builder_version=&#8220;4.27.4&#8243; _module_preset=&#8220;default&#8220; global_colors_info=&#8220;{}&#8220;][\/difl_wpforms][\/et_pb_column][\/et_pb_row][\/et_pb_section][et_pb_section fb_built=&#8220;1&#8243; custom_padding_last_edited=&#8220;on|tablet&#8220; _builder_version=&#8220;4.27.4&#8243; _module_preset=&#8220;default&#8220; background_color=&#8220;#e7f0f4&#8243; custom_margin=&#8220;0px||0px||false|false&#8220; custom_padding=&#8220;73px||36px||false|false&#8220; custom_padding_tablet=&#8220;120px||80px||false|false&#8220; custom_padding_phone=&#8220;90px||90px||false|false&#8220; global_colors_info=&#8220;{}&#8220;][et_pb_row _builder_version=&#8220;4.24.2&#8243; _module_preset=&#8220;default&#8220; width=&#8220;90%&#8220; max_width=&#8220;1200px&#8220; custom_margin=&#8220;0px|auto|-3px|auto|false|false&#8220; custom_margin_tablet=&#8220;0px||60px||false|false&#8220; custom_margin_phone=&#8220;0px||10px||false|false&#8220; custom_margin_last_edited=&#8220;on|phone&#8220; custom_padding=&#8220;0px||0px||false|false&#8220; locked=&#8220;off&#8220; global_colors_info=&#8220;{}&#8220;][et_pb_column type=&#8220;4_4&#8243; _builder_version=&#8220;4.24.2&#8243; _module_preset=&#8220;default&#8220; global_colors_info=&#8220;{}&#8220;][et_pb_text _builder_version=&#8220;4.27.4&#8243; _module_preset=&#8220;default&#8220; header_2_font=&#8220;Lexend Peta|300||on|||||&#8220; header_2_text_align=&#8220;center&#8220; header_2_text_color=&#8220;#000000&#8243; header_2_font_size=&#8220;42px&#8220; header_2_letter_spacing=&#8220;-2px&#8220; header_2_line_height=&#8220;1.2em&#8220; custom_margin=&#8220;0px||14px||false|false&#8220; custom_padding=&#8220;0px||0px||false|false&#8220; header_2_font_size_tablet=&#8220;42px&#8220; header_2_font_size_phone=&#8220;26px&#8220; header_2_font_size_last_edited=&#8220;on|phone&#8220; global_colors_info=&#8220;{}&#8220;]<\/p>\n<h2>So erreichen Sie uns!<\/h2>\n<p>[\/et_pb_text][\/et_pb_column][\/et_pb_row][et_pb_row column_structure=&#8220;1_3,1_3,1_3&#8243; _builder_version=&#8220;4.16&#8243; custom_padding=&#8220;27px|0px|59px|0px|false|false&#8220; locked=&#8220;off&#8220; global_colors_info=&#8220;{}&#8220;][et_pb_column type=&#8220;1_3&#8243; _builder_version=&#8220;4.16&#8243; custom_padding=&#8220;|||&#8220; global_colors_info=&#8220;{}&#8220; custom_padding__hover=&#8220;|||&#8220;][et_pb_blurb title=&#8220;Anschrift&#8220; use_icon=&#8220;on&#8220; font_icon=&#8220;&#xe01d;||divi||400&#8243; icon_color=&#8220;#0F6B9A&#8220; image_icon_background_color=&#8220;RGBA(255,255,255,0)&#8220; image_icon_width=&#8220;60px&#8220; _builder_version=&#8220;4.27.4&#8243; header_font=&#8220;&#8211;et_global_heading_font|700||on|||||&#8220; header_text_align=&#8220;center&#8220; header_text_color=&#8220;#333333&#8243; header_font_size=&#8220;20px&#8220; body_font=&#8220;Nunito Sans||||||||&#8220; body_text_align=&#8220;center&#8220; body_text_color=&#8220;#333333&#8243; body_font_size=&#8220;16px&#8220; body_line_height=&#8220;1.8em&#8220; icon_font_size=&#8220;60px&#8220; global_colors_info=&#8220;{}&#8220;]<\/p>\n<p><span>Bozner Boden \u2013 Mitterweg, 14\/C<\/span><br \/><span>39100 Bozen (BZ) Italien<\/span><\/p>\n<p>[\/et_pb_blurb][\/et_pb_column][et_pb_column type=&#8220;1_3&#8243; _builder_version=&#8220;4.16&#8243; custom_padding=&#8220;|||&#8220; global_colors_info=&#8220;{}&#8220; custom_padding__hover=&#8220;|||&#8220;][et_pb_blurb title=&#8220;Telefon&#8220; use_icon=&#8220;on&#8220; font_icon=&#8220;&#x7a;||divi||400&#8243; icon_color=&#8220;#0F6B9A&#8220; image_icon_width=&#8220;60px&#8220; _builder_version=&#8220;4.27.4&#8243; header_font=&#8220;&#8211;et_global_heading_font|700||on|||||&#8220; header_text_align=&#8220;center&#8220; header_text_color=&#8220;#333333&#8243; header_font_size=&#8220;20px&#8220; body_font=&#8220;Nunito Sans||||||||&#8220; body_text_align=&#8220;center&#8220; body_text_color=&#8220;#333333&#8243; body_font_size=&#8220;16px&#8220; body_line_height=&#8220;1.8em&#8220; icon_font_size=&#8220;60px&#8220; global_colors_info=&#8220;{}&#8220;]<\/p>\n<p>+39 0471 324925<\/p>\n<p>[\/et_pb_blurb][\/et_pb_column][et_pb_column type=&#8220;1_3&#8243; _builder_version=&#8220;4.16&#8243; custom_padding=&#8220;|||&#8220; global_colors_info=&#8220;{}&#8220; custom_padding__hover=&#8220;|||&#8220;][et_pb_blurb title=&#8220;E-Mail&#8220; use_icon=&#8220;on&#8220; font_icon=&#8220;&#xe010;||divi||400&#8243; icon_color=&#8220;#0F6B9A&#8220; image_icon_width=&#8220;60px&#8220; _builder_version=&#8220;4.27.4&#8243; header_font=&#8220;&#8211;et_global_heading_font|700||on|||||&#8220; header_text_align=&#8220;center&#8220; header_text_color=&#8220;#333333&#8243; header_font_size=&#8220;20px&#8220; body_font=&#8220;Nunito Sans||||||||&#8220; body_text_align=&#8220;center&#8220; body_text_color=&#8220;#333333&#8243; body_font_size=&#8220;16px&#8220; body_line_height=&#8220;1.8em&#8220; icon_font_size=&#8220;60px&#8220; global_colors_info=&#8220;{}&#8220;]<\/p>\n<p>info@vivatherm.it<\/p>\n<p>[\/et_pb_blurb][\/et_pb_column][\/et_pb_row][\/et_pb_section][et_pb_section fb_built=&#8220;1&#8243; fullwidth=&#8220;on&#8220; _builder_version=&#8220;4.27.4&#8243; _module_preset=&#8220;default&#8220; locked=&#8220;off&#8220; global_colors_info=&#8220;{}&#8220;][et_pb_fullwidth_code _builder_version=&#8220;4.27.4&#8243; _module_preset=&#8220;default&#8220; global_colors_info=&#8220;{}&#8220;]<iframe src=\"https:\/\/www.google.com\/maps\/embed?pb=!1m18!1m12!1m3!1d26690.82725060227!2d11.36531823892467!3d46.494335048672156!2m3!1f0!2f0!3f0!3m2!1i1024!2i768!4f13.1!3m3!1m2!1s0x47829e0bd17be25f%3A0x5f4a59bd4098d9ae!2sVivatherm!5e1!3m2!1sde!2sit!4v1757597002862!5m2!1sde!2sit\" width=\"100%\" height=\"600\" style=\"border:0;\" allowfullscreen=\"\" loading=\"lazy\" referrerpolicy=\"no-referrer-when-downgrade\">Heizung, L\u00fcftung, Sanit\u00e4r in Bozen &#8211; HLS &#8211; Vivatherm<\/iframe>[\/et_pb_fullwidth_code][\/et_pb_section][et_pb_section fb_built=&#8220;1&#8243; _builder_version=&#8220;4.27.4&#8243; _module_preset=&#8220;default&#8220; custom_padding=&#8220;0px||0px|||&#8220; global_colors_info=&#8220;{}&#8220;][et_pb_row _builder_version=&#8220;4.27.4&#8243; _module_preset=&#8220;default&#8220; global_colors_info=&#8220;{}&#8220;][et_pb_column type=&#8220;4_4&#8243; _builder_version=&#8220;4.27.4&#8243; _module_preset=&#8220;default&#8220; global_colors_info=&#8220;{}&#8220;][et_pb_divider show_divider=&#8220;off&#8220; _builder_version=&#8220;4.27.4&#8243; _module_preset=&#8220;default&#8220; background_color=&#8220;#FFFFFF&#8220; global_colors_info=&#8220;{}&#8220;][\/et_pb_divider][\/et_pb_column][\/et_pb_row][\/et_pb_section]<\/p>\n","protected":false},"excerpt":{"rendered":"<p>Kontakt aufnehmenWir sind gerne pers\u00f6nlich f\u00fcr Sie da Ob Beratung, Angebot oder allgemeine Anfrage \u2013 bei uns erreichen Sie immer einen direkten Ansprechpartner. Schreiben Sie uns \u00fcber das Kontaktformular, rufen Sie an oder senden Sie uns eine E-Mail. Wir melden uns zuverl\u00e4ssig und zeitnah zur\u00fcck. Dar\u00fcber k\u00f6nnen Sie mit uns sprechen: Fragen zu Heizungs-, L\u00fcftungs- [&hellip;]<\/p>\n","protected":false},"author":1,"featured_media":0,"parent":0,"menu_order":4,"comment_status":"closed","ping_status":"closed","template":"","meta":{"_et_pb_use_builder":"on","_et_pb_old_content":"","_et_gb_content_width":"","iawp_total_views":112,"footnotes":""},"difl_page_category":[],"class_list":["post-87136","page","type-page","status-publish","hentry"],"_links":{"self":[{"href":"https:\/\/vivatherm.it\/it\/wp-json\/wp\/v2\/pages\/87136","targetHints":{"allow":["GET"]}}],"collection":[{"href":"https:\/\/vivatherm.it\/it\/wp-json\/wp\/v2\/pages"}],"about":[{"href":"https:\/\/vivatherm.it\/it\/wp-json\/wp\/v2\/types\/page"}],"author":[{"embeddable":true,"href":"https:\/\/vivatherm.it\/it\/wp-json\/wp\/v2\/users\/1"}],"replies":[{"embeddable":true,"href":"https:\/\/vivatherm.it\/it\/wp-json\/wp\/v2\/comments?post=87136"}],"version-history":[{"count":19,"href":"https:\/\/vivatherm.it\/it\/wp-json\/wp\/v2\/pages\/87136\/revisions"}],"predecessor-version":[{"id":987494334,"href":"https:\/\/vivatherm.it\/it\/wp-json\/wp\/v2\/pages\/87136\/revisions\/987494334"}],"wp:attachment":[{"href":"https:\/\/vivatherm.it\/it\/wp-json\/wp\/v2\/media?parent=87136"}],"wp:term":[{"taxonomy":"difl_page_category","embeddable":true,"href":"https:\/\/vivatherm.it\/it\/wp-json\/wp\/v2\/difl_page_category?post=87136"}],"curies":[{"name":"wp","href":"https:\/\/api.w.org\/{rel}","templated":true}]}}