{"id":87132,"date":"2025-09-09T18:45:07","date_gmt":"2025-09-09T16:45:07","guid":{"rendered":"https:\/\/sd-02.it\/?page_id=87132"},"modified":"2026-01-29T18:24:56","modified_gmt":"2026-01-29T17:24:56","slug":"modulo-di-riparazione","status":"publish","type":"page","link":"https:\/\/vivatherm.it\/it\/reparaturformular\/","title":{"rendered":"Modulo di intervento"},"content":{"rendered":"<p>[et_pb_section fb_built=&#8220;1&#8243; _builder_version=&#8220;4.24.2&#8243; _module_preset=&#8220;default&#8220; custom_margin=&#8220;0px||0px||false|false&#8220; custom_padding=&#8220;0px||0px||false|false&#8220; locked=&#8220;off&#8220; global_colors_info=&#8220;{}&#8220;][et_pb_row column_structure=&#8220;1_2,1_2&#8243; use_custom_gutter=&#8220;on&#8220; gutter_width=&#8220;1&#8243; make_equal=&#8220;on&#8220; _builder_version=&#8220;4.27.4&#8243; _module_preset=&#8220;default&#8220; width=&#8220;100%&#8220; max_width=&#8220;100%&#8220; custom_margin=&#8220;0px||0px||false|false&#8220; custom_padding=&#8220;0px||0px||false|false&#8220; global_colors_info=&#8220;{}&#8220;][et_pb_column type=&#8220;1_2&#8243; _builder_version=&#8220;4.27.4&#8243; _module_preset=&#8220;default&#8220; background_image=&#8220;https:\/\/vivatherm.it\/wp-content\/uploads\/2025\/10\/hls_reparatur_suedtirol.jpg&#8220; background_last_edited=&#8220;on|tablet&#8220; background_enable_image_tablet=&#8220;off&#8220; global_colors_info=&#8220;{}&#8220;][et_pb_image title_text=&#8220;bad&#8220; force_fullwidth=&#8220;on&#8220; disabled_on=&#8220;off|off|on&#8220; _builder_version=&#8220;4.27.4&#8243; _module_preset=&#8220;default&#8220; custom_margin=&#8220;0px||0px||false|false&#8220; custom_padding=&#8220;0px||0px||false|false&#8220; global_colors_info=&#8220;{}&#8220;][\/et_pb_image][\/et_pb_column][et_pb_column type=&#8220;1_2&#8243; _builder_version=&#8220;4.27.4&#8243; _module_preset=&#8220;default&#8220; background_color=&#8220;#5797b8&#8243; background_enable_image=&#8220;off&#8220; custom_padding=&#8220;155px|120px|155px|120px|false|false&#8220; custom_padding_tablet=&#8220;120px|40px|120px|40px|false|false&#8220; custom_padding_phone=&#8220;90px|20px|90px|20px|false|false&#8220; custom_padding_last_edited=&#8220;on|tablet&#8220; global_colors_info=&#8220;{}&#8220;][et_pb_text _builder_version=&#8220;4.27.4&#8243; _module_preset=&#8220;default&#8220; header_2_font=&#8220;&#8211;et_global_heading_font|300||on|||||&#8220; header_2_text_align=&#8220;left&#8220; header_2_text_color=&#8220;#FFFFFF&#8220; header_2_font_size=&#8220;44px&#8220; header_2_letter_spacing=&#8220;-1px&#8220; header_2_line_height=&#8220;1.2em&#8220; max_width=&#8220;530px&#8220; module_alignment=&#8220;center&#8220; custom_margin=&#8220;0px||14px||false|false&#8220; custom_padding=&#8220;0px||0px||false|false&#8220; header_2_font_size_tablet=&#8220;27px&#8220; header_2_font_size_phone=&#8220;22px&#8220; header_2_font_size_last_edited=&#8220;on|phone&#8220; global_colors_info=&#8220;{}&#8220;]<\/p>\n<h2 data-start=\"137\" data-end=\"187\">Schnelle Hilfe <br \/>bei Problemen<\/h2>\n<p>[\/et_pb_text][et_pb_text _builder_version=&#8220;4.27.4&#8243; _module_preset=&#8220;default&#8220; text_font=&#8220;Roboto Flex||||||||&#8220; text_text_color=&#8220;#FFFFFF&#8220; text_font_size=&#8220;20px&#8220; header_6_text_color=&#8220;#FFFFFF&#8220; max_width=&#8220;530px&#8220; module_alignment=&#8220;center&#8220; custom_margin=&#8220;0px||28px||false|false&#8220; custom_padding=&#8220;0px||0px||false|false&#8220; global_colors_info=&#8220;{}&#8220;]<\/p>\n<h6><h>Reparatur und Wartung direkt vom Fachbetrieb<\/h><\/h6>\n<p>Auch die beste Technik braucht manchmal Aufmerksamkeit. Ob Heizung, L\u00fcftung oder Sanit\u00e4r \u2013 wir k\u00fcmmern uns zuverl\u00e4ssig um Reparaturen, St\u00f6rungen und Wartungsarbeiten. Damit Ihre Anlage schnell wieder l\u00e4uft, erfassen wir alle wichtigen Informationen vorab \u00fcber das Formular. So k\u00f6nnen wir den Einsatz gezielt vorbereiten und Ausfallzeiten auf ein Minimum reduzieren.<\/p>\n<p><strong>Unsere Leistungen im Reparaturservice:<\/strong><\/p>\n<ul>\n<li>\n<p data-start=\"661\" data-end=\"734\">Diagnose und Fehlerbehebung bei Heizungs-, L\u00fcftungs- und Sanit\u00e4ranlagen<\/p>\n<\/li>\n<li data-start=\"735\" data-end=\"786\">\n<p data-start=\"737\" data-end=\"786\">Ersatz defekter Komponenten durch Originalteile<\/p>\n<\/li>\n<li data-start=\"787\" data-end=\"848\">\n<p data-start=\"789\" data-end=\"848\">Wartung und Reinigung zur Vermeidung zuk\u00fcnftiger Ausf\u00e4lle<\/p>\n<\/li>\n<li data-start=\"849\" data-end=\"899\">\n<p data-start=\"851\" data-end=\"899\">Fachgerechte Inbetriebnahme nach der Reparatur<\/p>\n<\/li>\n<li data-start=\"900\" data-end=\"951\">\n<p data-start=\"902\" data-end=\"951\">Pers\u00f6nliche Betreuung durch erfahrene Techniker<\/p>\n<\/li>\n<\/ul>\n<p>&nbsp;<\/p>\n<p>[\/et_pb_text][\/et_pb_column][\/et_pb_row][\/et_pb_section][et_pb_section fb_built=&#8220;1&#8243; _builder_version=&#8220;4.27.4&#8243; _module_preset=&#8220;default&#8220; custom_padding=&#8220;||0px|||&#8220; global_colors_info=&#8220;{}&#8220;][et_pb_row _builder_version=&#8220;4.27.4&#8243; _module_preset=&#8220;default&#8220; custom_margin=&#8220;||||false|false&#8220; custom_padding=&#8220;0px||0px||false|false&#8220; global_colors_info=&#8220;{}&#8220;][et_pb_column type=&#8220;4_4&#8243; _builder_version=&#8220;4.27.4&#8243; _module_preset=&#8220;default&#8220; global_colors_info=&#8220;{}&#8220;][et_pb_text content_tablet=&#8220;<\/p>\n<h1>Reparaturformular<\/h1>\n<p>&#8220; content_phone=&#8220;<\/p>\n<h1>Reparatur-formular<\/h1>\n<p>&#8220; content_last_edited=&#8220;on|phone&#8220; _builder_version=&#8220;4.27.4&#8243; _module_preset=&#8220;default&#8220; header_font=&#8220;|300|||||||&#8220; header_font_size_tablet=&#8220;&#8220; header_font_size_phone=&#8220;44px&#8220; header_font_size_last_edited=&#8220;on|desktop&#8220; global_colors_info=&#8220;{}&#8220;]<\/p>\n<h1>Reparaturformular<\/h1>\n<p>[\/et_pb_text][\/et_pb_column][\/et_pb_row][\/et_pb_section][et_pb_section fb_built=&#8220;1&#8243; admin_label=&#8220;section&#8220; _builder_version=&#8220;4.27.4&#8243; custom_margin=&#8220;0px||||false|false&#8220; custom_padding=&#8220;0px||||false|false&#8220; global_colors_info=&#8220;{}&#8220;][et_pb_row admin_label=&#8220;row&#8220; _builder_version=&#8220;4.16&#8243; background_size=&#8220;initial&#8220; background_position=&#8220;top_left&#8220; background_repeat=&#8220;repeat&#8220; global_colors_info=&#8220;{}&#8220;][et_pb_column type=&#8220;4_4&#8243; _builder_version=&#8220;4.16&#8243; custom_padding=&#8220;|||&#8220; global_colors_info=&#8220;{}&#8220; custom_padding__hover=&#8220;|||&#8220;][difl_wpforms wpforms=&#8220;987493941&#8243; _builder_version=&#8220;4.27.4&#8243; _module_preset=&#8220;default&#8220; global_colors_info=&#8220;{}&#8220;][\/difl_wpforms][\/et_pb_column][\/et_pb_row][\/et_pb_section][et_pb_section fb_built=&#8220;1&#8243; fullwidth=&#8220;on&#8220; _builder_version=&#8220;4.27.4&#8243; _module_preset=&#8220;default&#8220; locked=&#8220;off&#8220; global_colors_info=&#8220;{}&#8220;][et_pb_fullwidth_code _builder_version=&#8220;4.27.4&#8243; _module_preset=&#8220;default&#8220; global_colors_info=&#8220;{}&#8220;]<iframe src=\"https:\/\/www.google.com\/maps\/embed?pb=!1m18!1m12!1m3!1d26690.82725060227!2d11.36531823892467!3d46.494335048672156!2m3!1f0!2f0!3f0!3m2!1i1024!2i768!4f13.1!3m3!1m2!1s0x47829e0bd17be25f%3A0x5f4a59bd4098d9ae!2sVivatherm!5e1!3m2!1sde!2sit!4v1757597002862!5m2!1sde!2sit\" width=\"100%\" height=\"600\" style=\"border:0;\" allowfullscreen=\"\" loading=\"lazy\" referrerpolicy=\"no-referrer-when-downgrade\">Heizung, L\u00fcftung, Sanit\u00e4r in Bozen &#8211; HLS &#8211; Vivatherm<\/iframe>[\/et_pb_fullwidth_code][\/et_pb_section][et_pb_section fb_built=&#8220;1&#8243; _builder_version=&#8220;4.27.4&#8243; _module_preset=&#8220;default&#8220; custom_padding=&#8220;0px||0px|||&#8220; global_colors_info=&#8220;{}&#8220;][et_pb_row _builder_version=&#8220;4.27.4&#8243; _module_preset=&#8220;default&#8220; global_colors_info=&#8220;{}&#8220;][et_pb_column type=&#8220;4_4&#8243; _builder_version=&#8220;4.27.4&#8243; _module_preset=&#8220;default&#8220; global_colors_info=&#8220;{}&#8220;][et_pb_divider show_divider=&#8220;off&#8220; _builder_version=&#8220;4.27.4&#8243; _module_preset=&#8220;default&#8220; background_color=&#8220;#FFFFFF&#8220; global_colors_info=&#8220;{}&#8220;][\/et_pb_divider][\/et_pb_column][\/et_pb_row][\/et_pb_section]<\/p>\n","protected":false},"excerpt":{"rendered":"<p>Schnelle Hilfe bei ProblemenReparatur und Wartung direkt vom Fachbetrieb Auch die beste Technik braucht manchmal Aufmerksamkeit. Ob Heizung, L\u00fcftung oder Sanit\u00e4r \u2013 wir k\u00fcmmern uns zuverl\u00e4ssig um Reparaturen, St\u00f6rungen und Wartungsarbeiten. Damit Ihre Anlage schnell wieder l\u00e4uft, erfassen wir alle wichtigen Informationen vorab \u00fcber das Formular. So k\u00f6nnen wir den Einsatz gezielt vorbereiten und Ausfallzeiten [&hellip;]<\/p>\n","protected":false},"author":1,"featured_media":0,"parent":0,"menu_order":5,"comment_status":"closed","ping_status":"closed","template":"","meta":{"_et_pb_use_builder":"on","_et_pb_old_content":"","_et_gb_content_width":"","iawp_total_views":50,"footnotes":""},"difl_page_category":[],"class_list":["post-87132","page","type-page","status-publish","hentry"],"_links":{"self":[{"href":"https:\/\/vivatherm.it\/it\/wp-json\/wp\/v2\/pages\/87132","targetHints":{"allow":["GET"]}}],"collection":[{"href":"https:\/\/vivatherm.it\/it\/wp-json\/wp\/v2\/pages"}],"about":[{"href":"https:\/\/vivatherm.it\/it\/wp-json\/wp\/v2\/types\/page"}],"author":[{"embeddable":true,"href":"https:\/\/vivatherm.it\/it\/wp-json\/wp\/v2\/users\/1"}],"replies":[{"embeddable":true,"href":"https:\/\/vivatherm.it\/it\/wp-json\/wp\/v2\/comments?post=87132"}],"version-history":[{"count":20,"href":"https:\/\/vivatherm.it\/it\/wp-json\/wp\/v2\/pages\/87132\/revisions"}],"predecessor-version":[{"id":987494383,"href":"https:\/\/vivatherm.it\/it\/wp-json\/wp\/v2\/pages\/87132\/revisions\/987494383"}],"wp:attachment":[{"href":"https:\/\/vivatherm.it\/it\/wp-json\/wp\/v2\/media?parent=87132"}],"wp:term":[{"taxonomy":"difl_page_category","embeddable":true,"href":"https:\/\/vivatherm.it\/it\/wp-json\/wp\/v2\/difl_page_category?post=87132"}],"curies":[{"name":"wp","href":"https:\/\/api.w.org\/{rel}","templated":true}]}}